{"id":876,"date":"2024-01-15T15:48:01","date_gmt":"2024-01-15T15:48:01","guid":{"rendered":"https:\/\/ma-spa.de\/?page_id=876"},"modified":"2025-10-13T16:08:50","modified_gmt":"2025-10-13T14:08:50","slug":"specials","status":"publish","type":"page","link":"https:\/\/ma-spa.de\/?page_id=876","title":{"rendered":"\u00dcbernachten"},"content":{"rendered":"\n<div class=\"wp-block-group has-heading-color-color has-background-alt-background-color has-text-color has-background is-layout-constrained wp-block-group-is-layout-constrained\" style=\"padding-top:0;padding-right:0;padding-bottom:0;padding-left:0\">\n<div class=\"wp-block-group has-heading-color-color has-background-alt-background-color has-text-color has-background is-layout-constrained wp-block-group-is-layout-constrained\" style=\"padding-top:0;padding-right:0;padding-bottom:0;padding-left:0\">\n<div class=\"wp-block-group has-heading-color-color has-background-alt-background-color has-text-color has-background is-layout-constrained wp-block-group-is-layout-constrained\" style=\"padding-top:0;padding-right:0;padding-bottom:0;padding-left:0\">\n<div class=\"wp-block-group has-heading-color-color has-background-alt-background-color has-text-color has-background is-layout-constrained wp-block-group-is-layout-constrained\" style=\"padding-top:0;padding-right:0;padding-bottom:0;padding-left:0\">\n<div class=\"wp-block-group has-heading-color-color has-background-alt-background-color has-text-color has-background is-layout-constrained wp-block-group-is-layout-constrained\" style=\"padding-top:0;padding-right:0;padding-bottom:0;padding-left:0\">\n<div class=\"wp-block-group has-heading-color-color has-background-alt-background-color has-text-color has-background is-layout-constrained wp-block-group-is-layout-constrained\" style=\"padding-top:0;padding-right:0;padding-bottom:0;padding-left:0\">\n<div class=\"wp-block-cover is-light\" style=\"padding-top:var(--wp--preset--spacing--80);padding-right:var(--wp--preset--spacing--30);padding-bottom:var(--wp--preset--spacing--80);padding-left:var(--wp--preset--spacing--40)\"><span aria-hidden=\"true\" class=\"wp-block-cover__background has-background-dim-0 has-background-dim\"><\/span><div class=\"wp-block-cover__inner-container is-layout-flow wp-block-cover-is-layout-flow\">\n<div class=\"wp-block-group is-layout-constrained wp-container-core-group-layout-3 wp-block-group-is-layout-constrained\" style=\"padding-top:var(--wp--preset--spacing--30);padding-bottom:var(--wp--preset--spacing--30)\">\n<div style=\"height:40px\" aria-hidden=\"true\" class=\"wp-block-spacer\"><\/div>\n\n\n\n<h2 class=\"wp-block-heading has-custom-schwarz-color has-text-color has-link-color wp-elements-b1afecaf2e98a190d453087123f7e508\">\u00dcbernachten im 1. OG<\/h2>\n\n\n\n<div style=\"height:40px\" aria-hidden=\"true\" class=\"wp-block-spacer\"><\/div>\n\n\n\n<div class=\"wp-block-columns is-layout-flex wp-container-core-columns-layout-2 wp-block-columns-is-layout-flex\">\n<div class=\"wp-block-column is-layout-flow wp-block-column-is-layout-flow\">\n<figure class=\"wp-block-gallery has-nested-images columns-default is-cropped wp-block-gallery-1 is-layout-flex wp-block-gallery-is-layout-flex\">\n<figure class=\"wp-block-image size-large\"><img loading=\"lazy\" decoding=\"async\" width=\"1024\" height=\"768\" src=\"https:\/\/ma-spa.de\/wp-content\/uploads\/2024\/11\/IMG_0817-1024x768.jpg\" alt=\"\" class=\"wp-image-1742\" srcset=\"https:\/\/ma-spa.de\/wp-content\/uploads\/2024\/11\/IMG_0817-1024x768.jpg 1024w, https:\/\/ma-spa.de\/wp-content\/uploads\/2024\/11\/IMG_0817-300x225.jpg 300w, https:\/\/ma-spa.de\/wp-content\/uploads\/2024\/11\/IMG_0817-768x576.jpg 768w, https:\/\/ma-spa.de\/wp-content\/uploads\/2024\/11\/IMG_0817-50x38.jpg 50w, https:\/\/ma-spa.de\/wp-content\/uploads\/2024\/11\/IMG_0817-1600x1200.jpg 1600w, https:\/\/ma-spa.de\/wp-content\/uploads\/2024\/11\/IMG_0817-1536x1152.jpg 1536w, https:\/\/ma-spa.de\/wp-content\/uploads\/2024\/11\/IMG_0817.jpg 2016w\" sizes=\"(max-width: 1024px) 100vw, 1024px\" \/><\/figure>\n<\/figure>\n<\/div>\n\n\n\n<div class=\"wp-block-column is-layout-flow wp-block-column-is-layout-flow\">\n<div class=\"wp-block-group is-style-fotawp-boxshadow-hover has-border-color has-custom-sandgrau-border-color has-background-background-color has-background is-layout-constrained wp-block-group-is-layout-constrained\" style=\"border-width:2px;border-radius:10px;padding-top:var(--wp--preset--spacing--60);padding-right:var(--wp--preset--spacing--60);padding-bottom:var(--wp--preset--spacing--60);padding-left:var(--wp--preset--spacing--60)\">\n<div class=\"wp-block-columns is-layout-flex wp-container-core-columns-layout-1 wp-block-columns-is-layout-flex\">\n<div class=\"wp-block-column is-layout-flow wp-block-column-is-layout-flow\" style=\"flex-basis:100%\">\n<div class=\"wp-block-group is-vertical is-layout-flex wp-container-core-group-layout-1 wp-block-group-is-layout-flex\">\n<h6 class=\"wp-block-heading has-heading-color-color has-text-color has-medium-font-size\" style=\"font-style:normal;font-weight:600\">Ein halber Tag zu zweit mit \u00dcbernachtung<\/h6>\n\n\n\n<p class=\"has-foreground-color has-text-color\" style=\"font-size:18px;line-height:1.5\">F\u00fcr 2 Personen, 5 Stunden Wellness  inkl. Handt\u00fccher und Badem\u00e4ntel von 17  bis 22 Uhr sowie einer \u00dcbernachtung im ersten Stock<\/p>\n\n\n\n<p>Das Zimmer ist mit einem Boxspring-Doppelbett ausgestattet, einer Sitzecke, einem Schreibtisch, einer Minibar, einem Smart-TV und einer Musikanlage. Eine Nespresso-Kaffeemaschine und ein Wasserkocher sowie Kaffeekapseln und verschiedene Sorten Tee stehen euch ebenfalls zur Verf\u00fcgung. Im Bad findet ihr eine gro\u00dfe Regendusche. Handt\u00fccher sind im Zimmer ebenfalls inklusive. <br>Bittet beachtet, dass wir kein Fr\u00fchst\u00fcck anbieten. Gerne geben wir euch aber Tipps, wo man in Mannheim wunderbar fr\u00fchst\u00fccken kann. <br>Das Zimmer ist buchbar bei einer Aufenthaltsdauer im Spa von 5 Stunden. <\/p>\n\n\n\n<h5 class=\"wp-block-heading\"><strong>365 \u20ac<\/strong> (ohne Au\u00dfen-Whirlpool) <\/h5>\n\n\n\n<div class=\"wp-block-buttons is-layout-flex wp-block-buttons-is-layout-flex\">\n<div class=\"wp-block-button\"><a class=\"wp-block-button__link wp-element-button\" href=\"https:\/\/ma-spa.de\/?page_id=387\">Jetzt anfragen<\/a><\/div>\n\n\n\n<div class=\"wp-block-button\"><a class=\"wp-block-button__link wp-element-button\" href=\"https:\/\/ma-spa.de\/?page_id=181\">Gutschein bestellen<\/a><\/div>\n<\/div>\n<\/div>\n<\/div>\n<\/div>\n<\/div>\n<\/div>\n<\/div>\n\n\n\n<div style=\"height:40px\" aria-hidden=\"true\" class=\"wp-block-spacer\"><\/div>\n<\/div>\n<\/div><\/div>\n<\/div>\n<\/div>\n<\/div>\n<\/div>\n<\/div>\n<\/div>\n","protected":false},"excerpt":{"rendered":"","protected":false},"author":1,"featured_media":0,"parent":0,"menu_order":0,"comment_status":"closed","ping_status":"closed","template":"blank","meta":{"om_disable_all_campaigns":false,"_monsterinsights_skip_tracking":false,"_monsterinsights_sitenote_active":false,"_monsterinsights_sitenote_note":"","_monsterinsights_sitenote_category":0,"footnotes":""},"aioseo_notices":[],"_links":{"self":[{"href":"https:\/\/ma-spa.de\/index.php?rest_route=\/wp\/v2\/pages\/876"}],"collection":[{"href":"https:\/\/ma-spa.de\/index.php?rest_route=\/wp\/v2\/pages"}],"about":[{"href":"https:\/\/ma-spa.de\/index.php?rest_route=\/wp\/v2\/types\/page"}],"author":[{"embeddable":true,"href":"https:\/\/ma-spa.de\/index.php?rest_route=\/wp\/v2\/users\/1"}],"replies":[{"embeddable":true,"href":"https:\/\/ma-spa.de\/index.php?rest_route=%2Fwp%2Fv2%2Fcomments&post=876"}],"version-history":[{"count":59,"href":"https:\/\/ma-spa.de\/index.php?rest_route=\/wp\/v2\/pages\/876\/revisions"}],"predecessor-version":[{"id":1857,"href":"https:\/\/ma-spa.de\/index.php?rest_route=\/wp\/v2\/pages\/876\/revisions\/1857"}],"wp:attachment":[{"href":"https:\/\/ma-spa.de\/index.php?rest_route=%2Fwp%2Fv2%2Fmedia&parent=876"}],"curies":[{"name":"wp","href":"https:\/\/api.w.org\/{rel}","templated":true}]}}