{"id":307,"date":"2023-11-24T14:34:58","date_gmt":"2023-11-24T14:34:58","guid":{"rendered":"https:\/\/ma-spa.de\/?page_id=307"},"modified":"2025-04-16T10:27:04","modified_gmt":"2025-04-16T08:27:04","slug":"hausordnung","status":"publish","type":"page","link":"https:\/\/ma-spa.de\/?page_id=307","title":{"rendered":"Hausordnung"},"content":{"rendered":"\n<div class=\"wp-block-group has-heading-color-color has-background-alt-background-color has-text-color has-background is-layout-constrained wp-block-group-is-layout-constrained\" style=\"padding-top:0;padding-right:0;padding-bottom:0;padding-left:0\">\n<div class=\"wp-block-group has-heading-color-color has-background-alt-background-color has-text-color has-background is-layout-constrained wp-block-group-is-layout-constrained\" style=\"padding-top:0;padding-right:0;padding-bottom:0;padding-left:0\">\n<div class=\"wp-block-cover is-light\" style=\"padding-top:var(--wp--preset--spacing--80);padding-right:var(--wp--preset--spacing--30);padding-bottom:var(--wp--preset--spacing--80);padding-left:var(--wp--preset--spacing--40)\"><span aria-hidden=\"true\" class=\"wp-block-cover__background has-background-dim-0 has-background-dim\"><\/span><div class=\"wp-block-cover__inner-container is-layout-flow wp-block-cover-is-layout-flow\">\n<div class=\"wp-block-group is-layout-constrained wp-container-core-group-layout-1 wp-block-group-is-layout-constrained\" style=\"padding-top:var(--wp--preset--spacing--50)\">\n<div class=\"wp-block-columns is-layout-flex wp-container-core-columns-layout-1 wp-block-columns-is-layout-flex\">\n<div class=\"wp-block-column is-layout-flow wp-block-column-is-layout-flow\">\n<h1 class=\"wp-block-heading has-custom-schwarz-color has-text-color\" style=\"margin-top:var(--wp--preset--spacing--40);font-size:48px;font-style:normal;font-weight:600\">Hausordnung<\/h1>\n\n\n\n<p style=\"font-size:18px;line-height:1.5\">Unsere Hausordnung dient der Sicherheit, Ordnung und Sauberkeit im Ma-Spa. Mit dem Betreten des Ma-Spa erkennt jeder Gast diese und alle sonstigen betriebssicherheitsrelevanten Anordnungen an. In unseren R\u00e4umlichkeiten sollte Euer Verhalten dem allgemeinen Verst\u00e4ndnis von K\u00f6rperhygiene, Sauberkeit und anst\u00e4ndigem Verhalten entsprechen. Nat\u00fcrlich sind die Einrichtung und alle sonstigen Gegenst\u00e4nde sorgsam zu behandeln.<\/p>\n\n\n\n<div class=\"wp-block-buttons is-layout-flex wp-block-buttons-is-layout-flex\">\n<div class=\"wp-block-button\"><a class=\"wp-block-button__link wp-element-button\" href=\"https:\/\/ma-spa.de\/wp-content\/uploads\/2024\/12\/Ma-Spa-Hausordnung.pdf\" target=\"_blank\" rel=\"noreferrer noopener\">Hausordnung Download<\/a><\/div>\n\n\n\n<div class=\"wp-block-button\"><a class=\"wp-block-button__link wp-element-button\" href=\"https:\/\/ma-spa.de\/?page_id=319\">AGB ansehen<\/a><\/div>\n<\/div>\n<\/div>\n\n\n\n<div class=\"wp-block-column is-layout-flow wp-block-column-is-layout-flow\">\n<p class=\"has-foreground-color has-text-color\" style=\"font-size:18px;line-height:1.5\"><\/p>\n<\/div>\n<\/div>\n<\/div>\n\n\n\n<div class=\"wp-block-group is-layout-constrained wp-container-core-group-layout-10 wp-block-group-is-layout-constrained\" style=\"padding-top:var(--wp--preset--spacing--30);padding-bottom:var(--wp--preset--spacing--30)\">\n<div style=\"height:20px\" aria-hidden=\"true\" class=\"wp-block-spacer\"><\/div>\n\n\n\n<div class=\"wp-block-group is-style-fotawp-boxshadow-hover has-border-color has-custom-sandgrau-border-color has-primary-background-color has-background is-layout-constrained wp-block-group-is-layout-constrained\" style=\"border-width:2px;border-radius:10px;padding-top:var(--wp--preset--spacing--60);padding-right:var(--wp--preset--spacing--60);padding-bottom:var(--wp--preset--spacing--60);padding-left:var(--wp--preset--spacing--60)\">\n<div class=\"wp-block-columns is-layout-flex wp-container-core-columns-layout-2 wp-block-columns-is-layout-flex\">\n<div class=\"wp-block-column is-layout-flow wp-block-column-is-layout-flow\" style=\"flex-basis:100%\">\n<div class=\"wp-block-group is-vertical is-layout-flex wp-container-core-group-layout-2 wp-block-group-is-layout-flex\" style=\"padding-top:0;padding-bottom:0\">\n<h6 class=\"wp-block-heading has-heading-color-color has-text-color has-medium-font-size\" style=\"font-style:normal;font-weight:600\">Geltungsbereich<\/h6>\n\n\n\n<p class=\"has-foreground-color has-text-color\" style=\"font-size:18px;line-height:1.5\">Diese Hausordnung wird von allen Besuchern des Ma-Spa bei Buchung \u2013 sp\u00e4testens aber bei Betreten des Ma-Spa \u2013 verbindlich anerkannt.<br><br>Sie liegt \u00fcberdies im Ma-Spa aus und\/oder kann jederzeit eingesehen werden. Sie erg\u00e4nzt die Allgemeinen Gesch\u00e4ftsbedingungen des Ma-Spa. Im Falle von Widerspr\u00fcchen zwischen dieser Hausordnung und den Allgemeinen Gesch\u00e4ftsbedingungen, haben die Allgemeinen Gesch\u00e4ftsbedingungen Vorrang.<\/p>\n<\/div>\n<\/div>\n<\/div>\n<\/div>\n\n\n\n<div class=\"wp-block-group is-style-fotawp-boxshadow-hover has-border-color has-custom-sandgrau-border-color has-background-background-color has-background is-layout-constrained wp-block-group-is-layout-constrained\" style=\"border-width:2px;border-radius:10px;padding-top:var(--wp--preset--spacing--60);padding-right:var(--wp--preset--spacing--60);padding-bottom:var(--wp--preset--spacing--60);padding-left:var(--wp--preset--spacing--60)\">\n<div class=\"wp-block-columns is-layout-flex wp-container-core-columns-layout-3 wp-block-columns-is-layout-flex\">\n<div class=\"wp-block-column is-layout-flow wp-block-column-is-layout-flow\" style=\"flex-basis:100%\">\n<div class=\"wp-block-group is-vertical is-layout-flex wp-container-core-group-layout-4 wp-block-group-is-layout-flex\" style=\"padding-top:0;padding-bottom:0\">\n<h6 class=\"wp-block-heading has-heading-color-color has-text-color has-medium-font-size\" style=\"font-style:normal;font-weight:600\">Nutzung<\/h6>\n\n\n\n<p style=\"font-size:18px;line-height:1.5\">Die Nutzung des Ma-Spa steht grunds\u00e4tzlich jedem nach vorheriger Buchung und Bezahlung und im Rahmen unserer Kapazit\u00e4t frei.<br><br>Im Zweifelsfall beh\u00e4lt sich Ma-Spa, vertreten durch Julia Hippler, jedoch das Hausrecht vor, KundInnen bei Vorliegen eines sachlichen Grundes von der Benutzung auszuschlie\u00dfen oder G\u00e4ste des Hauses zu verweisen.<br><br>Dies gilt unter anderem f\u00fcr Personen, die unter Einfluss berauschender Mittel stehen, Tiere mit sich f\u00fchren, an einer \u00fcbertragbaren Krankheit leiden oder offene Wunden haben, oder die das Ma-Spa zu gewerblichen oder sonstigen wellnessun\u00fcblichen Zwecken nutzen wollen.<br><br>Personen, die sich wegen k\u00f6rperlicher oder geistiger Beeintr\u00e4chtigungen nicht sicher bewegen k\u00f6nnen oder sich sogar gef\u00e4hrden, ist die Benutzung des Ma-Spa nur zusammen mit einer geeigneten Begleitperson gestattet.<br><br>Kinder und Jugendliche unter 18 Jahren ist die Benutzung nicht gestattet.<br><br>Bei gesundheitlichen Beschwerden hat der Gast vor Benutzung oder Inanspruchnahme unserer Leistungen \u00e4rztlichen Rat einzuholen. Wir ma\u00dfen uns kein Urteil dar\u00fcber an, ob ihr unsere Leistungen aufgrund eures aktuellen Gesundheitszustands vertragt. Im Zweifel solltet ihr daher von der Nutzung Abstand nehmen. Wir \u00fcbernehmen keine Verantwortung f\u00fcr Sch\u00e4den, die der Gast aufgrund einer Unvertr\u00e4glichkeit unserer Leistungen mit seinem Gesundheitszustand erleidet.<br><br>Im \u00dcbrigen erfolgt die Benutzung aller Leistungen des Anbieters, insbesondere die Benutzung des Innen- und Au\u00dfen-Whirlpools und des Sanariums, stets in eigener Verantwortung des Gasts.<\/p>\n<\/div>\n<\/div>\n<\/div>\n<\/div>\n\n\n\n<div class=\"wp-block-group is-style-fotawp-boxshadow-hover has-border-color has-custom-sandgrau-border-color has-background-background-color has-background is-layout-constrained wp-block-group-is-layout-constrained\" style=\"border-width:2px;border-radius:10px;padding-top:var(--wp--preset--spacing--60);padding-right:var(--wp--preset--spacing--60);padding-bottom:var(--wp--preset--spacing--60);padding-left:var(--wp--preset--spacing--60)\">\n<div class=\"wp-block-columns is-layout-flex wp-container-core-columns-layout-4 wp-block-columns-is-layout-flex\">\n<div class=\"wp-block-column is-layout-flow wp-block-column-is-layout-flow\" style=\"flex-basis:100%\">\n<div class=\"wp-block-group is-vertical is-layout-flex wp-container-core-group-layout-6 wp-block-group-is-layout-flex\" style=\"padding-top:0;padding-bottom:0\">\n<h6 class=\"wp-block-heading has-heading-color-color has-text-color has-medium-font-size\" style=\"font-style:normal;font-weight:600\">Ma-Spa Etikette<\/h6>\n\n\n\n<p style=\"font-size:18px\">Jeder Gast muss ein Dusch- und Saunatuch, einen Bademantel und Badeschuhe mit sich f\u00fchren. Alternativ k\u00f6nnen diese (abgesehen von den Badeschuhen) bei der Buchung kostenpflichtig ausgeliehen werden.<\/p>\n\n\n\n<p style=\"font-size:18px\">Vor der Benutzung der Sanariums und des Au\u00dfen-Whirlpools muss geduscht werden.<\/p>\n\n\n\n<p style=\"font-size:18px\">Die Nutzung des Ma-Spa Innenbereichs kann textilfrei erfolgen. Der Au\u00dfenbereich darf nur in Bademantel oder Kleidung genutzt werden, der Au\u00dfenwhirlpool nur mit Badebekleidung.<\/p>\n\n\n\n<p style=\"font-size:18px\">Die Nutzung des Sanariums ist nur mit einem ausreichend gro\u00dfen Saunatuch gestattet. Die Handt\u00fccher m\u00fcssen beim Verlassen des Sanariums mitgenommen werden. Das Trocknen von Handt\u00fcchern oder Kleidung im Sanarium oder auf dem Saunaofen ist strengstens verboten. Es muss stets darauf geachtet werden, dass keine Gegenst\u00e4nde auf oder nah am Saunaofen liegen.<\/p>\n\n\n\n<p style=\"font-size:18px\">Das Mitbringen von Saunaaufg\u00fcssen bzw. Saunaessenzen, insbesondere das Aufsch\u00fctten solcher oder gar brennbarer \u00e4therischer \u00d6le auf den Ofen, ist streng verboten. Es d\u00fcrfen nur die von uns zur Verf\u00fcgung gestellten Aufg\u00fcsse verwendet werden. Diese m\u00fcssen stark mit Wasser verd\u00fcnnt werden.<\/p>\n\n\n\n<p style=\"font-size:18px\">Essen und Trinken ist in der Saunakabine nicht gestattet. <\/p>\n\n\n\n<p style=\"font-size:18px\">Offenes Feuer (auch Kerzen) ist im gesamten Ma-Spa untersagt.<\/p>\n\n\n\n<p style=\"font-size:18px\">Die Liege- und Sitzm\u00f6glichkeiten im Innen- und Au\u00dfenbereich sind nur mit einer geeigneten Unterlage (Handtuch oder Bademantel) zu benutzen.<\/p>\n\n\n\n<p style=\"font-size:18px\">Weiterhin ist das Mitbringen von Badezus\u00e4tzen (z.B. Bade\u00f6l, Badeschaum, -salze etc.) sowie die Nutzung dieser im Innen- und Au\u00dfen-Whirlpool strengstens untersagt. In der Whirlbadewanne d\u00fcrfen nur die von uns zur Verf\u00fcgung gestellten Whirlpoold\u00fcfte verwendet werden.<br>Im Au\u00dfen-Whirlpool d\u00fcrfen keinerlei Badezus\u00e4tze verwendet werden.<\/p>\n\n\n\n<p style=\"font-size:18px\">Die Innenbereiche des Ma-Spa sind ein Nichtraucherbereich. Auf der Terrasse darf w\u00e4hrend der Nutzung des Untergeschosses bei geschlossenen (Terrassen)T\u00fcren geraucht werden. Ein Aschenbecher steht daf\u00fcr bereit. Im 1. OG ist Rauchen nicht erlaubt.<br>Die Nutzung des angrenzenden Gartens ist w\u00e4hrend des gesamten Aufenthaltes untersagt.<\/p>\n\n\n\n<p style=\"font-size:18px\">Wir bitten darum, in den \u00f6ffentlichen Bereichen (bspw. der Einfahrt, dem Hausgang, vor dem Ma-Spa) nicht unn\u00f6tig zu verweilen und\/oder lange (und lautstarke) Gespr\u00e4che zu f\u00fchren. Der L\u00e4rmpegel im Au\u00dfenbereich des Ma-Spa sollte auf einem der Nutzung angemessenen Niveau liegen. Zwischen 22 Uhr und 8 Uhr bitten wir darum, L\u00e4rm zu vermeiden.<\/p>\n\n\n\n<p style=\"font-size:18px\">Zus\u00e4tzliche G\u00e4ste d\u00fcrfen nicht im Ma-Spa verweilen, es sei denn, es wurde vorher vereinbart.<\/p>\n\n\n\n<p style=\"font-size:18px\">Check-Out aus dem Zimmer bei Buchung einer \u00dcbernachtung ist bis sp\u00e4testens 11 Uhr.<\/p>\n\n\n\n<p style=\"font-size:18px\">F\u00fcr Wertgegenst\u00e4nde der G\u00e4ste wird keine Haftung \u00fcbernommen.<\/p>\n<\/div>\n<\/div>\n<\/div>\n<\/div>\n\n\n\n<div class=\"wp-block-group is-style-fotawp-boxshadow-hover has-border-color has-custom-sandgrau-border-color has-background-background-color has-background is-layout-constrained wp-block-group-is-layout-constrained\" style=\"border-width:2px;border-radius:10px;padding-top:var(--wp--preset--spacing--60);padding-right:var(--wp--preset--spacing--60);padding-bottom:var(--wp--preset--spacing--60);padding-left:var(--wp--preset--spacing--60)\">\n<div class=\"wp-block-columns is-layout-flex wp-container-core-columns-layout-5 wp-block-columns-is-layout-flex\">\n<div class=\"wp-block-column is-layout-flow wp-block-column-is-layout-flow\" style=\"flex-basis:100%\">\n<div class=\"wp-block-group is-vertical is-layout-flex wp-container-core-group-layout-8 wp-block-group-is-layout-flex\" style=\"padding-top:0;padding-bottom:0\">\n<h6 class=\"wp-block-heading has-heading-color-color has-text-color has-medium-font-size\" style=\"font-style:normal;font-weight:600\">Sonstiges<\/h6>\n\n\n\n<p style=\"font-size:18px;line-height:1.5\">Unseren Anweisungen ist in jedem Fall Folge zu leisten. Die Entscheidung \u00fcber das Hausrecht obliegt Ma-Spa, vertreten durch Julia Hippler. G\u00e4ste, die gegen die Hausordnung versto\u00dfen, k\u00f6nnen vor\u00fcbergehend oder dauerhaft von der Benutzung der Anlage ausgeschlossen werden. Der Ausschluss f\u00fchrt zu keiner Reduzierung oder Befreiung des zu zahlenden Entgeltes.<\/p>\n\n\n\n<p style=\"font-size:18px;line-height:1.5\">Wir sind berechtigt, jederzeit nach vorheriger Ank\u00fcndigung (durch deutliches Klopfen, Rufen oder eine Durchsage) und kurzer Wartezeit (um dem Gast die M\u00f6glichkeit zu geben, sich zu bedecken), das Ma-Spa zu betreten, um die Einhaltung der Hausordnung zu kontrollieren, deren Einhaltung durchzusetzen oder Gefahren f\u00fcr den Gast abzuwenden.<\/p>\n<\/div>\n<\/div>\n<\/div>\n<\/div>\n<\/div>\n<\/div><\/div>\n<\/div>\n<\/div>\n","protected":false},"excerpt":{"rendered":"","protected":false},"author":1,"featured_media":0,"parent":0,"menu_order":0,"comment_status":"closed","ping_status":"closed","template":"blank","meta":{"om_disable_all_campaigns":false,"_monsterinsights_skip_tracking":false,"_monsterinsights_sitenote_active":false,"_monsterinsights_sitenote_note":"","_monsterinsights_sitenote_category":0,"footnotes":""},"aioseo_notices":[],"_links":{"self":[{"href":"https:\/\/ma-spa.de\/index.php?rest_route=\/wp\/v2\/pages\/307"}],"collection":[{"href":"https:\/\/ma-spa.de\/index.php?rest_route=\/wp\/v2\/pages"}],"about":[{"href":"https:\/\/ma-spa.de\/index.php?rest_route=\/wp\/v2\/types\/page"}],"author":[{"embeddable":true,"href":"https:\/\/ma-spa.de\/index.php?rest_route=\/wp\/v2\/users\/1"}],"replies":[{"embeddable":true,"href":"https:\/\/ma-spa.de\/index.php?rest_route=%2Fwp%2Fv2%2Fcomments&post=307"}],"version-history":[{"count":25,"href":"https:\/\/ma-spa.de\/index.php?rest_route=\/wp\/v2\/pages\/307\/revisions"}],"predecessor-version":[{"id":1815,"href":"https:\/\/ma-spa.de\/index.php?rest_route=\/wp\/v2\/pages\/307\/revisions\/1815"}],"wp:attachment":[{"href":"https:\/\/ma-spa.de\/index.php?rest_route=%2Fwp%2Fv2%2Fmedia&parent=307"}],"curies":[{"name":"wp","href":"https:\/\/api.w.org\/{rel}","templated":true}]}}