{"id":301,"date":"2023-11-24T14:34:06","date_gmt":"2023-11-24T14:34:06","guid":{"rendered":"https:\/\/ma-spa.de\/?page_id=301"},"modified":"2024-02-01T21:02:38","modified_gmt":"2024-02-01T21:02:38","slug":"family-friends","status":"publish","type":"page","link":"https:\/\/ma-spa.de\/?page_id=301","title":{"rendered":"Family &#038; Friends"},"content":{"rendered":"\n<div class=\"wp-block-group has-heading-color-color has-background-alt-background-color has-text-color has-background is-layout-constrained wp-block-group-is-layout-constrained\" style=\"padding-top:0;padding-right:0;padding-bottom:0;padding-left:0\">\n<div class=\"wp-block-group has-heading-color-color has-background-alt-background-color has-text-color has-background is-layout-constrained wp-block-group-is-layout-constrained\" style=\"padding-top:0;padding-right:0;padding-bottom:0;padding-left:0\">\n<div class=\"wp-block-cover is-light\" style=\"padding-top:var(--wp--preset--spacing--80);padding-right:var(--wp--preset--spacing--30);padding-bottom:var(--wp--preset--spacing--80);padding-left:var(--wp--preset--spacing--40)\"><span aria-hidden=\"true\" class=\"wp-block-cover__background has-background-dim-0 has-background-dim\"><\/span><div class=\"wp-block-cover__inner-container is-layout-flow wp-block-cover-is-layout-flow\">\n<div class=\"wp-block-group is-layout-constrained wp-container-core-group-layout-1 wp-block-group-is-layout-constrained\" style=\"padding-top:var(--wp--preset--spacing--50)\">\n<div class=\"wp-block-columns is-layout-flex wp-container-core-columns-layout-1 wp-block-columns-is-layout-flex\">\n<div class=\"wp-block-column is-layout-flow wp-block-column-is-layout-flow\">\n<h1 class=\"wp-block-heading has-heading-color-color has-text-color\" style=\"margin-top:var(--wp--preset--spacing--40);font-size:48px;font-style:normal;font-weight:600\">Family &amp; Friends<\/h1>\n\n\n\n<p style=\"font-size:18px;line-height:1.5\">Bei so einem Um- und Ausbau gibt es immer einige Wegbegleiter, ohne die es nicht (so) geklappt h\u00e4tte. Wir danken jedem Einzelnen, der in knapp 12 Monaten Bauzeit mitgefiebert, mitgewirkt, mitgeholfen und mitbewundert hat. Ihr seid toll!<\/p>\n<\/div>\n\n\n\n<div class=\"wp-block-column is-layout-flow wp-block-column-is-layout-flow\">\n<p class=\"has-foreground-color has-text-color\" style=\"font-size:18px;line-height:1.5\"><\/p>\n\n\n\n<div class=\"wp-block-buttons is-layout-flex wp-block-buttons-is-layout-flex\"><\/div>\n<\/div>\n<\/div>\n<\/div>\n\n\n\n<div class=\"wp-block-group is-layout-constrained wp-container-core-group-layout-15 wp-block-group-is-layout-constrained\" style=\"padding-top:var(--wp--preset--spacing--30);padding-bottom:var(--wp--preset--spacing--30)\">\n<div class=\"wp-block-columns is-layout-flex wp-container-core-columns-layout-2 wp-block-columns-is-layout-flex\">\n<div class=\"wp-block-column is-layout-flow wp-block-column-is-layout-flow\">\n<div class=\"wp-block-group is-style-fotawp-boxshadow-hover has-border-color has-custom-sandgrau-border-color has-background-background-color has-background is-layout-constrained wp-block-group-is-layout-constrained\" style=\"border-width:2px;border-radius:10px;padding-top:var(--wp--preset--spacing--60);padding-right:var(--wp--preset--spacing--60);padding-bottom:var(--wp--preset--spacing--60);padding-left:var(--wp--preset--spacing--60)\">\n<div class=\"wp-block-group is-vertical is-layout-flex wp-container-core-group-layout-2 wp-block-group-is-layout-flex\" style=\"border-radius:10px;padding-top:0;padding-bottom:0\">\n<h6 class=\"wp-block-heading has-heading-color-color has-text-color has-medium-font-size\" style=\"font-style:normal;font-weight:600\"><a href=\"https:\/\/www.wm-bau-gmbh.de\/\" target=\"_blank\" rel=\"noopener\" title=\"\">WM BAU M\u00fchlfeld GmbH<\/a><\/h6>\n\n\n\n<p class=\"has-foreground-color has-text-color\" style=\"font-size:18px;line-height:1.5\">So macht Rohbau Spa\u00df. <br>Besten Dank an das ganze Team <br>&#8211; es war ein Fest mit Euch!<\/p>\n\n\n\n<figure class=\"wp-block-image size-full\"><a href=\"https:\/\/www.wm-bau-gmbh.de\"><img loading=\"lazy\" decoding=\"async\" width=\"301\" height=\"99\" src=\"https:\/\/ma-spa.de\/wp-content\/uploads\/2024\/01\/logo-wm-bau.png\" alt=\"\" class=\"wp-image-1438\" srcset=\"https:\/\/ma-spa.de\/wp-content\/uploads\/2024\/01\/logo-wm-bau.png 301w, https:\/\/ma-spa.de\/wp-content\/uploads\/2024\/01\/logo-wm-bau-50x16.png 50w\" sizes=\"(max-width: 301px) 100vw, 301px\" \/><\/a><\/figure>\n<\/div>\n<\/div>\n\n\n\n<div class=\"wp-block-group is-style-fotawp-boxshadow-hover has-border-color has-custom-sandgrau-border-color has-background-background-color has-background is-layout-constrained wp-block-group-is-layout-constrained\" style=\"border-width:2px;border-radius:10px;padding-top:var(--wp--preset--spacing--60);padding-right:var(--wp--preset--spacing--60);padding-bottom:var(--wp--preset--spacing--60);padding-left:var(--wp--preset--spacing--60)\">\n<div class=\"wp-block-group is-vertical is-layout-flex wp-container-core-group-layout-4 wp-block-group-is-layout-flex\" style=\"border-radius:10px;padding-top:0;padding-bottom:0\">\n<h6 class=\"wp-block-heading has-heading-color-color has-text-color has-medium-font-size\" style=\"font-style:normal;font-weight:600\"><a href=\"http:\/\/reiterarchitects.com\/\" target=\"_blank\" rel=\"noopener\" title=\"\">Reiter Architektur GmbH<\/a><\/h6>\n\n\n\n<p class=\"has-foreground-color has-text-color\" style=\"font-size:18px;line-height:1.5\">Hand in Hand und immer mit einem Augenzwinkern &#8211; Ganz einfach die perfekte Zusammenarbeit! <\/p>\n\n\n\n<figure class=\"wp-block-image size-full\"><a href=\"http:\/\/reiterarchitects.com\/\"><img loading=\"lazy\" decoding=\"async\" width=\"446\" height=\"102\" src=\"https:\/\/ma-spa.de\/wp-content\/uploads\/2024\/01\/reiter.png\" alt=\"\" class=\"wp-image-1440\" srcset=\"https:\/\/ma-spa.de\/wp-content\/uploads\/2024\/01\/reiter.png 446w, https:\/\/ma-spa.de\/wp-content\/uploads\/2024\/01\/reiter-300x69.png 300w, https:\/\/ma-spa.de\/wp-content\/uploads\/2024\/01\/reiter-50x11.png 50w\" sizes=\"(max-width: 446px) 100vw, 446px\" \/><\/a><\/figure>\n<\/div>\n<\/div>\n<\/div>\n\n\n\n<div class=\"wp-block-column is-layout-flow wp-block-column-is-layout-flow\">\n<div class=\"wp-block-group is-style-fotawp-boxshadow-hover has-border-color has-background-background-color has-background is-layout-constrained wp-block-group-is-layout-constrained\" style=\"border-color:#b2ab98;border-width:2px;border-radius:10px;padding-top:var(--wp--preset--spacing--60);padding-right:var(--wp--preset--spacing--60);padding-bottom:var(--wp--preset--spacing--60);padding-left:var(--wp--preset--spacing--60)\">\n<div class=\"wp-block-group is-vertical is-layout-flex wp-container-core-group-layout-6 wp-block-group-is-layout-flex\" style=\"padding-top:0;padding-bottom:0\">\n<h6 class=\"wp-block-heading has-heading-color-color has-text-color has-medium-font-size\" style=\"font-style:normal;font-weight:600\"><a href=\"https:\/\/www.schaad-gartengestaltung.de\/\" target=\"_blank\" rel=\"noopener\" title=\"\">Gartengestaltung  Schaad<br>Anna Seelert &amp; Team<\/a><\/h6>\n\n\n\n<p class=\"has-foreground-color has-text-color\" style=\"font-size:18px;line-height:1.5\">Immer wieder eine Freude mit Euch zu arbeiten. Der Au\u00dfenbereich sucht Seinesgleichen!<\/p>\n\n\n\n<figure class=\"wp-block-image size-large\"><a href=\"https:\/\/www.schaad-gartengestaltung.de\/\"><img loading=\"lazy\" decoding=\"async\" width=\"1024\" height=\"299\" src=\"https:\/\/ma-spa.de\/wp-content\/uploads\/2024\/01\/Schaad-1024x299.gif\" alt=\"\" class=\"wp-image-1439\" srcset=\"https:\/\/ma-spa.de\/wp-content\/uploads\/2024\/01\/Schaad-1024x299.gif 1024w, https:\/\/ma-spa.de\/wp-content\/uploads\/2024\/01\/Schaad-300x88.gif 300w, https:\/\/ma-spa.de\/wp-content\/uploads\/2024\/01\/Schaad-768x224.gif 768w, https:\/\/ma-spa.de\/wp-content\/uploads\/2024\/01\/Schaad-50x15.gif 50w, https:\/\/ma-spa.de\/wp-content\/uploads\/2024\/01\/Schaad-1600x467.gif 1600w, https:\/\/ma-spa.de\/wp-content\/uploads\/2024\/01\/Schaad-1536x448.gif 1536w, https:\/\/ma-spa.de\/wp-content\/uploads\/2024\/01\/Schaad-2048x598.gif 2048w\" sizes=\"(max-width: 1024px) 100vw, 1024px\" \/><\/a><\/figure>\n<\/div>\n<\/div>\n\n\n\n<div class=\"wp-block-group is-style-fotawp-boxshadow-hover has-border-color has-custom-sandgrau-border-color has-background-background-color has-background is-layout-constrained wp-block-group-is-layout-constrained\" style=\"border-width:2px;border-radius:10px;padding-top:var(--wp--preset--spacing--60);padding-right:var(--wp--preset--spacing--60);padding-bottom:var(--wp--preset--spacing--60);padding-left:var(--wp--preset--spacing--60)\">\n<div class=\"wp-block-group is-vertical is-layout-flex wp-container-core-group-layout-8 wp-block-group-is-layout-flex\" style=\"border-radius:10px;padding-top:0;padding-bottom:0\">\n<h6 class=\"wp-block-heading has-heading-color-color has-text-color has-medium-font-size\" style=\"font-style:normal;font-weight:600\"><a href=\"https:\/\/studiowoll.com\/\" target=\"_blank\" rel=\"noreferrer noopener\">STUDIO W<br>Katharina Woll<\/a><\/h6>\n\n\n\n<p class=\"has-foreground-color has-text-color\" style=\"font-size:18px;line-height:1.5\">Genau die richtigen Impulse sowie ein wunderbares Gesp\u00fcr f\u00fcr \u00c4sthetik und Funktionalit\u00e4t. Wir danken!<\/p>\n\n\n\n<figure class=\"wp-block-image size-full\"><a href=\"https:\/\/studiowoll.com\/\"><img loading=\"lazy\" decoding=\"async\" width=\"558\" height=\"88\" src=\"https:\/\/ma-spa.de\/wp-content\/uploads\/2024\/01\/studiow.png\" alt=\"\" class=\"wp-image-1441\" srcset=\"https:\/\/ma-spa.de\/wp-content\/uploads\/2024\/01\/studiow.png 558w, https:\/\/ma-spa.de\/wp-content\/uploads\/2024\/01\/studiow-300x47.png 300w, https:\/\/ma-spa.de\/wp-content\/uploads\/2024\/01\/studiow-50x8.png 50w\" sizes=\"(max-width: 558px) 100vw, 558px\" \/><\/a><\/figure>\n<\/div>\n<\/div>\n<\/div>\n\n\n\n<div class=\"wp-block-column is-layout-flow wp-block-column-is-layout-flow\">\n<div class=\"wp-block-group is-style-fotawp-boxshadow-hover has-border-color has-custom-sandgrau-border-color has-background-background-color has-background is-layout-constrained wp-block-group-is-layout-constrained\" style=\"border-width:2px;border-radius:10px;padding-top:var(--wp--preset--spacing--60);padding-right:var(--wp--preset--spacing--60);padding-bottom:var(--wp--preset--spacing--60);padding-left:var(--wp--preset--spacing--60)\">\n<div class=\"wp-block-group is-vertical is-layout-flex wp-container-core-group-layout-10 wp-block-group-is-layout-flex\" style=\"padding-top:0;padding-bottom:0\">\n<h6 class=\"wp-block-heading has-heading-color-color has-text-color has-medium-font-size\" style=\"font-style:normal;font-weight:600\"><a href=\"https:\/\/www.josko.com\/de\/josko-in-ihrer-naehe\/scheerer-vertriebs-montage-gmbh\/\" target=\"_blank\" rel=\"noreferrer noopener\">Smarter Bauen &#8211; Scheerer Vertriebs &amp; Montage GmbH<\/a><\/h6>\n\n\n\n<p class=\"has-foreground-color has-text-color\" style=\"font-size:18px;line-height:1.5\">\u00dcber alle Fragen erhaben, super professionell und mit der passenden Menge Humor am Start.<\/p>\n<\/div>\n<\/div>\n\n\n\n<div class=\"wp-block-group is-style-fotawp-boxshadow-hover has-border-color has-custom-sandgrau-border-color has-background-background-color has-background is-layout-constrained wp-block-group-is-layout-constrained\" style=\"border-width:2px;border-radius:10px;padding-top:var(--wp--preset--spacing--60);padding-right:var(--wp--preset--spacing--60);padding-bottom:var(--wp--preset--spacing--60);padding-left:var(--wp--preset--spacing--60)\">\n<div class=\"wp-block-group is-vertical is-layout-flex wp-container-core-group-layout-12 wp-block-group-is-layout-flex\" style=\"padding-top:0;padding-bottom:0\">\n<h6 class=\"wp-block-heading has-heading-color-color has-text-color has-medium-font-size\" style=\"font-style:normal;font-weight:600\"><a href=\"https:\/\/fliesenlegermeister-buttler.de\/\" target=\"_blank\" rel=\"noreferrer noopener\">Fliesenlegermeister <br>Marco Buttler<\/a><\/h6>\n\n\n\n<p class=\"has-foreground-color has-text-color\" style=\"font-size:18px;line-height:1.5\">Nicht nur bei den Fliesen: Schnell, genau und sehr flexibel &#8211; Vielen Dank Herr Buttler! <\/p>\n\n\n\n<figure class=\"wp-block-image size-full is-resized\"><a href=\"https:\/\/fliesenlegermeister-buttler.de\/\" target=\"_blank\" rel=\"noreferrer noopener\"><img loading=\"lazy\" decoding=\"async\" width=\"817\" height=\"241\" src=\"https:\/\/ma-spa.de\/wp-content\/uploads\/2024\/01\/Buttler.png\" alt=\"\" class=\"wp-image-1437\" style=\"width:305px;height:auto\" srcset=\"https:\/\/ma-spa.de\/wp-content\/uploads\/2024\/01\/Buttler.png 817w, https:\/\/ma-spa.de\/wp-content\/uploads\/2024\/01\/Buttler-300x88.png 300w, https:\/\/ma-spa.de\/wp-content\/uploads\/2024\/01\/Buttler-768x227.png 768w, https:\/\/ma-spa.de\/wp-content\/uploads\/2024\/01\/Buttler-50x15.png 50w\" sizes=\"(max-width: 817px) 100vw, 817px\" \/><\/a><\/figure>\n<\/div>\n<\/div>\n<\/div>\n<\/div>\n\n\n\n<div class=\"wp-block-columns is-layout-flex wp-container-core-columns-layout-3 wp-block-columns-is-layout-flex\">\n<div class=\"wp-block-column is-layout-flow wp-block-column-is-layout-flow\">\n<div class=\"wp-block-group is-layout-constrained wp-block-group-is-layout-constrained\"><\/div>\n<\/div>\n<\/div>\n<\/div>\n<\/div><\/div>\n<\/div>\n<\/div>\n","protected":false},"excerpt":{"rendered":"","protected":false},"author":1,"featured_media":0,"parent":0,"menu_order":0,"comment_status":"closed","ping_status":"closed","template":"blank","meta":{"om_disable_all_campaigns":false,"_monsterinsights_skip_tracking":false,"_monsterinsights_sitenote_active":false,"_monsterinsights_sitenote_note":"","_monsterinsights_sitenote_category":0,"footnotes":""},"aioseo_notices":[],"_links":{"self":[{"href":"https:\/\/ma-spa.de\/index.php?rest_route=\/wp\/v2\/pages\/301"}],"collection":[{"href":"https:\/\/ma-spa.de\/index.php?rest_route=\/wp\/v2\/pages"}],"about":[{"href":"https:\/\/ma-spa.de\/index.php?rest_route=\/wp\/v2\/types\/page"}],"author":[{"embeddable":true,"href":"https:\/\/ma-spa.de\/index.php?rest_route=\/wp\/v2\/users\/1"}],"replies":[{"embeddable":true,"href":"https:\/\/ma-spa.de\/index.php?rest_route=%2Fwp%2Fv2%2Fcomments&post=301"}],"version-history":[{"count":10,"href":"https:\/\/ma-spa.de\/index.php?rest_route=\/wp\/v2\/pages\/301\/revisions"}],"predecessor-version":[{"id":1568,"href":"https:\/\/ma-spa.de\/index.php?rest_route=\/wp\/v2\/pages\/301\/revisions\/1568"}],"wp:attachment":[{"href":"https:\/\/ma-spa.de\/index.php?rest_route=%2Fwp%2Fv2%2Fmedia&parent=301"}],"curies":[{"name":"wp","href":"https:\/\/api.w.org\/{rel}","templated":true}]}}