{"id":299,"date":"2023-11-24T14:32:56","date_gmt":"2023-11-24T14:32:56","guid":{"rendered":"https:\/\/ma-spa.de\/?page_id=299"},"modified":"2024-01-29T09:18:10","modified_gmt":"2024-01-29T09:18:10","slug":"news","status":"publish","type":"page","link":"https:\/\/ma-spa.de\/?page_id=299","title":{"rendered":"Reinigung"},"content":{"rendered":"\n<div class=\"wp-block-group has-heading-color-color has-background-alt-background-color has-text-color has-background is-layout-constrained wp-block-group-is-layout-constrained\" style=\"padding-top:0;padding-right:0;padding-bottom:0;padding-left:0\">\n<div class=\"wp-block-group has-heading-color-color has-background-alt-background-color has-text-color has-background is-layout-constrained wp-block-group-is-layout-constrained\" style=\"padding-top:0;padding-right:0;padding-bottom:0;padding-left:0\">\n<div class=\"wp-block-cover is-light\" style=\"padding-top:var(--wp--preset--spacing--80);padding-right:var(--wp--preset--spacing--30);padding-bottom:var(--wp--preset--spacing--80);padding-left:var(--wp--preset--spacing--40)\"><span aria-hidden=\"true\" class=\"wp-block-cover__background has-background-dim-0 has-background-dim\"><\/span><div class=\"wp-block-cover__inner-container is-layout-flow wp-block-cover-is-layout-flow\">\n<div class=\"wp-block-group is-layout-constrained wp-container-core-group-layout-1 wp-block-group-is-layout-constrained\" style=\"padding-top:var(--wp--preset--spacing--50)\">\n<div class=\"wp-block-columns is-layout-flex wp-container-core-columns-layout-1 wp-block-columns-is-layout-flex\">\n<div class=\"wp-block-column is-layout-flow wp-block-column-is-layout-flow\">\n<h1 class=\"wp-block-heading has-custom-schwarz-color has-text-color\" style=\"margin-top:var(--wp--preset--spacing--40);font-size:48px;font-style:normal;font-weight:600\">Hygiene &amp; Reinigung<\/h1>\n\n\n\n<p style=\"font-size:18px;line-height:1.5\">F\u00fcr euren ultimativen Wohlf\u00fchlfaktor ist Sauberkeit unerl\u00e4sslich.<\/p>\n\n\n\n<p style=\"font-size:18px;line-height:1.5\">Wir haben daher ein Reinigungskonzept entwickelt, das stets die beste Hygiene sichert. Durch einen genauen Ablauf nehmen wir eine gr\u00fcndliche Reinigung und Desinfektion nach jedem Gast vor. Daf\u00fcr verwenden wir vorwiegend umweltschonende und gesundheitsvertr\u00e4gliche Produkte. <br><br>So k\u00f6nnt ihr euch sorglos im Ma-Spa entspannen.<\/p>\n<\/div>\n\n\n\n<div class=\"wp-block-column is-layout-flow wp-block-column-is-layout-flow\">\n<p class=\"has-foreground-color has-text-color\" style=\"font-size:18px;line-height:1.5\"><\/p>\n<\/div>\n<\/div>\n<\/div>\n\n\n\n<div class=\"wp-block-group is-layout-constrained wp-container-core-group-layout-4 wp-block-group-is-layout-constrained\" style=\"padding-top:var(--wp--preset--spacing--30);padding-bottom:var(--wp--preset--spacing--30)\">\n<div style=\"height:40px\" aria-hidden=\"true\" class=\"wp-block-spacer\"><\/div>\n\n\n\n<div class=\"wp-block-group is-style-fotawp-boxshadow-hover has-border-color has-custom-sandgrau-border-color has-background-background-color has-background is-layout-constrained wp-block-group-is-layout-constrained\" style=\"border-width:2px;border-radius:10px;padding-top:var(--wp--preset--spacing--60);padding-right:var(--wp--preset--spacing--60);padding-bottom:var(--wp--preset--spacing--60);padding-left:var(--wp--preset--spacing--60)\">\n<div class=\"wp-block-columns is-layout-flex wp-container-core-columns-layout-2 wp-block-columns-is-layout-flex\">\n<div class=\"wp-block-column is-layout-flow wp-block-column-is-layout-flow\" style=\"flex-basis:100%\">\n<div class=\"wp-block-group is-vertical is-layout-flex wp-container-core-group-layout-2 wp-block-group-is-layout-flex\">\n<p style=\"font-size:18px;line-height:1.5\">Zwischen den Buchungen des Ma-Spas nehmen wir eine <strong>gr\u00fcndliche Reinigung<\/strong> vor. Der Boden, die Ober- und Liegefl\u00e4chen werden gereinigt und desinfiziert.<\/p>\n\n\n\n<p style=\"font-size:18px;line-height:1.5\">Zur Hygiene des <strong>Innen-Whirlpools<\/strong> lassen wir das Wasser ab und reinigen und desinfizieren das Becken.<\/p>\n\n\n\n<p style=\"font-size:18px;line-height:1.5\">Der <strong>Au\u00dfen-Whirlpool<\/strong> ist dauerhaft an die Wasserleitung angeschlossen. Ein Sensor liest den Stand der Wasserlinie ab und tauscht das Wasser stetig aus. Ein leistungsstarker Filter h\u00e4lt das Wasser im Whirlpool klar und f\u00fcr hygienisch sauberes Wasser sorgt dazu ein integrierter Ozonator. Zudem testen wir alle n\u00f6tigen Werte regelm\u00e4\u00dfig und bereiten das Wasser entsprechend auf.<\/p>\n\n\n\n<p style=\"font-size:18px;line-height:1.5\">Durch die <strong>L\u00fcftungs- &amp; Entfeuchtungsanlage<\/strong> wird die Luft im Ma-Spa alle 15 Minuten umgew\u00e4lzt und zwischen den Buchungen komplett ausgetauscht.<\/p>\n<\/div>\n<\/div>\n<\/div>\n<\/div>\n<\/div>\n<\/div><\/div>\n<\/div>\n<\/div>\n","protected":false},"excerpt":{"rendered":"","protected":false},"author":1,"featured_media":0,"parent":0,"menu_order":0,"comment_status":"closed","ping_status":"closed","template":"blank","meta":{"om_disable_all_campaigns":false,"_monsterinsights_skip_tracking":false,"_monsterinsights_sitenote_active":false,"_monsterinsights_sitenote_note":"","_monsterinsights_sitenote_category":0,"footnotes":""},"aioseo_notices":[],"_links":{"self":[{"href":"https:\/\/ma-spa.de\/index.php?rest_route=\/wp\/v2\/pages\/299"}],"collection":[{"href":"https:\/\/ma-spa.de\/index.php?rest_route=\/wp\/v2\/pages"}],"about":[{"href":"https:\/\/ma-spa.de\/index.php?rest_route=\/wp\/v2\/types\/page"}],"author":[{"embeddable":true,"href":"https:\/\/ma-spa.de\/index.php?rest_route=\/wp\/v2\/users\/1"}],"replies":[{"embeddable":true,"href":"https:\/\/ma-spa.de\/index.php?rest_route=%2Fwp%2Fv2%2Fcomments&post=299"}],"version-history":[{"count":5,"href":"https:\/\/ma-spa.de\/index.php?rest_route=\/wp\/v2\/pages\/299\/revisions"}],"predecessor-version":[{"id":1540,"href":"https:\/\/ma-spa.de\/index.php?rest_route=\/wp\/v2\/pages\/299\/revisions\/1540"}],"wp:attachment":[{"href":"https:\/\/ma-spa.de\/index.php?rest_route=%2Fwp%2Fv2%2Fmedia&parent=299"}],"curies":[{"name":"wp","href":"https:\/\/api.w.org\/{rel}","templated":true}]}}