{"id":181,"date":"2023-11-24T05:30:10","date_gmt":"2023-11-24T05:30:10","guid":{"rendered":"https:\/\/ma-spa.de\/?page_id=181"},"modified":"2026-03-03T06:33:23","modified_gmt":"2026-03-03T05:33:23","slug":"gutscheine-test-gutscheine","status":"publish","type":"page","link":"https:\/\/ma-spa.de\/?page_id=181","title":{"rendered":"Unsere Gutscheine"},"content":{"rendered":"\n<div class=\"wp-block-group has-heading-color-color has-background-alt-background-color has-text-color has-background is-layout-constrained wp-block-group-is-layout-constrained\" style=\"padding-top:0;padding-right:0;padding-bottom:0;padding-left:0\">\n<div class=\"wp-block-group has-heading-color-color has-background-alt-background-color has-text-color has-background is-layout-constrained wp-block-group-is-layout-constrained\" style=\"padding-top:0;padding-right:0;padding-bottom:0;padding-left:0\">\n<div class=\"wp-block-cover is-light\" style=\"padding-top:var(--wp--preset--spacing--80);padding-right:var(--wp--preset--spacing--30);padding-bottom:var(--wp--preset--spacing--80);padding-left:var(--wp--preset--spacing--40)\"><span aria-hidden=\"true\" class=\"wp-block-cover__background has-background-dim-0 has-background-dim\"><\/span><div class=\"wp-block-cover__inner-container is-layout-flow wp-block-cover-is-layout-flow\">\n<div class=\"wp-block-group is-layout-constrained wp-container-core-group-layout-1 wp-block-group-is-layout-constrained\" style=\"padding-top:var(--wp--preset--spacing--50)\">\n<div class=\"wp-block-columns is-layout-flex wp-container-core-columns-layout-1 wp-block-columns-is-layout-flex\">\n<div class=\"wp-block-column is-layout-flow wp-block-column-is-layout-flow\">\n<h1 class=\"wp-block-heading has-custom-schwarz-color has-text-color\" style=\"margin-top:var(--wp--preset--spacing--40);font-size:48px;font-style:normal;font-weight:600\">Unsere Gutscheine<\/h1>\n\n\n\n<p style=\"font-size:18px;line-height:1.5\">Bei unseren Wertgutscheinen ist der Betrag frei w\u00e4hlbar &#8211; einfach ganz entspannt den Wunschbetrag ausw\u00e4hlen und bestellen. Nach unserer Best\u00e4tigung und eurer Zahlung erhaltet ihr innerhalb eines Tages euren individuellen Gutschein per E-Mail als PDF zum Ausdrucken. Bitte schaut auch in eurem SPAM Ordner nach!<\/p>\n\n\n\n<div style=\"height:40px\" aria-hidden=\"true\" class=\"wp-block-spacer\"><\/div>\n\n\n<div class='fluentform ff-default fluentform_wrapper_3  ff_guten_block ffs_default_wrap'><form data-form_id=\"3\" id=\"fluentform_3\" class=\"frm-fluent-form fluent_form_3 ff-el-form-top ff_form_instance_3_1 ff-form-loading ffs_default\" data-form_instance=\"ff_form_instance_3_1\" method=\"POST\" ><fieldset  style=\"border: none!important;margin: 0!important;padding: 0!important;background-color: transparent!important;box-shadow: none!important;outline: none!important; min-inline-size: 100%;\">\n                    <legend class=\"ff_screen_reader_title\" style=\"display: block; margin: 0!important;padding: 0!important;height: 0!important;text-indent: -999999px;width: 0!important;overflow:hidden;\">Gutscheinbestellung<\/legend><input type='hidden' name='__fluent_form_embded_post_id' value='181' \/><input type=\"hidden\" id=\"_fluentform_3_fluentformnonce\" name=\"_fluentform_3_fluentformnonce\" value=\"01ca69ac48\" \/><input type=\"hidden\" name=\"_wp_http_referer\" value=\"\/index.php?rest_route=%2Fwp%2Fv2%2Fpages%2F181\" \/><div class='ff-el-group'><div class=\"ff-el-input--label ff-el-is-required asterisk-right\"><label for='ff_3_numeric-field' aria-label=\"Wert des Gutscheins\">Wert des Gutscheins<\/label><div class=\"ff-el-tooltip\" data-content=\"Du kannst einen individuellen Betrag zwischen 25 und 500 \u20ac eingeben.\"><svg width=\"16\" height=\"16\" viewBox=\"0 0 25 25\"><path d=\"m329 393l0-46c0-2-1-4-2-6-2-2-4-3-7-3l-27 0 0-146c0-3-1-5-3-7-2-1-4-2-7-2l-91 0c-3 0-5 1-7 2-1 2-2 4-2 7l0 46c0 2 1 5 2 6 2 2 4 3 7 3l27 0 0 91-27 0c-3 0-5 1-7 3-1 2-2 4-2 6l0 46c0 3 1 5 2 7 2 1 4 2 7 2l128 0c3 0 5-1 7-2 1-2 2-4 2-7z m-36-256l0-46c0-2-1-4-3-6-2-2-4-3-7-3l-54 0c-3 0-5 1-7 3-2 2-3 4-3 6l0 46c0 3 1 5 3 7 2 1 4 2 7 2l54 0c3 0 5-1 7-2 2-2 3-4 3-7z m182 119c0 40-9 77-29 110-20 34-46 60-80 80-33 20-70 29-110 29-40 0-77-9-110-29-34-20-60-46-80-80-20-33-29-70-29-110 0-40 9-77 29-110 20-34 46-60 80-80 33-20 70-29 110-29 40 0 77 9 110 29 34 20 60 46 80 80 20 33 29 70 29 110z\" transform=\"scale(0.046875 0.046875)\"><\/path><\/svg><\/div><\/div><div class='ff-el-input--content'><div class=\"ff_input-group\"><input type=\"text\" name=\"numeric-field\" value=\"25\" id=\"ff_3_numeric-field\" class=\"ff-el-form-control  ff_numeric\" data-name=\"numeric-field\" inputmode=\"numeric\" step=\"any\" min=\"25\" aria-valuemin=\"25\" max=\"500\" aria-valuemax=\"500\" data-formatter=\"{&quot;decimal&quot;:&quot;,&quot;,&quot;separator&quot;:&quot;.&quot;,&quot;precision&quot;:0,&quot;symbol&quot;:&quot;&quot;}\"  aria-invalid=\"false\" aria-required=true><div class=\"ff_input-group-append\"><span class=\"ff_input-group-text\">\u20ac<\/span><\/div><\/div><\/div><\/div><div data-type=\"name-element\" data-name=\"names_1\" class=\" ff-field_container ff-name-field-wrapper\" ><div class='ff-t-container'><div class='ff-t-cell '><div class='ff-el-group  ff-el-form-top'><div class=\"ff-el-input--label asterisk-right\"><label for='ff_3_names_1_first_name_' aria-label=\"Von\">Von<\/label><\/div><div class='ff-el-input--content'><input type=\"text\" name=\"names_1[first_name]\" id=\"ff_3_names_1_first_name_\" class=\"ff-el-form-control\" placeholder=\"Dein Name\" aria-invalid=\"false\" aria-required=false><\/div><\/div><\/div><div class='ff-t-cell '><div class='ff-el-group  ff-el-form-top'><div class=\"ff-el-input--label asterisk-right\"><label for='ff_3_names_1_last_name_' aria-label=\"F\u00fcr\">F\u00fcr<\/label><\/div><div class='ff-el-input--content'><input type=\"text\" name=\"names_1[last_name]\" id=\"ff_3_names_1_last_name_\" class=\"ff-el-form-control\" placeholder=\"Name des Gutscheinempf\u00e4ngers\" aria-invalid=\"false\" aria-required=false><\/div><\/div><\/div><\/div><\/div><div class='ff-el-group'><div class=\"ff-el-input--label asterisk-right\"><label for='ff_3_description' aria-label=\"Deine pers\u00f6nliche Nachricht\">Deine pers\u00f6nliche Nachricht<\/label><\/div><div class='ff-el-input--content'><textarea aria-invalid=\"false\" aria-required=false name=\"description\" id=\"ff_3_description\" class=\"ff-el-form-control\" placeholder=\"Hier kannst Du eine pers\u00f6nliche Nachricht an den Gutscheinempf\u00e4nger eintragen, sofern Du das m\u00f6chtest. Dieser Text wird auf dem Gutschein zu sehen sein.\" rows=\"5\" cols=\"1\" data-name=\"description\" ><\/textarea><\/div><\/div><div data-type=\"name-element\" data-name=\"names\" class=\" ff-field_container ff-name-field-wrapper\" ><div class='ff-t-container'><div class='ff-t-cell '><div class='ff-el-group  ff-el-form-top'><div class=\"ff-el-input--label ff-el-is-required asterisk-right\"><label for='ff_3_names_first_name_' aria-label=\"Vorname\">Vorname<\/label><\/div><div class='ff-el-input--content'><input type=\"text\" name=\"names[first_name]\" id=\"ff_3_names_first_name_\" class=\"ff-el-form-control\" placeholder=\"Vorname\" aria-invalid=\"false\" aria-required=false><\/div><\/div><\/div><div class='ff-t-cell '><div class='ff-el-group  ff-el-form-top'><div class=\"ff-el-input--label ff-el-is-required asterisk-right\"><label for='ff_3_names_last_name_' aria-label=\"Nachname\">Nachname<\/label><\/div><div class='ff-el-input--content'><input type=\"text\" name=\"names[last_name]\" id=\"ff_3_names_last_name_\" class=\"ff-el-form-control\" placeholder=\"Nachname\" aria-invalid=\"false\" aria-required=false><\/div><\/div><\/div><\/div><\/div><div data-name=\"ff_cn_id_1\"  class='ff-t-container ff-column-container ff_columns_total_2  '><div class='ff-t-cell ff-t-column-1' style='flex-basis: 50%;'><div class='ff-el-group'><div class=\"ff-el-input--label ff-el-is-required asterisk-right\"><label for='ff_3_email' aria-label=\"E-Mail\">E-Mail<\/label><\/div><div class='ff-el-input--content'><input type=\"email\" name=\"email\" id=\"ff_3_email\" class=\"ff-el-form-control\" placeholder=\"E-Mail Adresse\" data-name=\"email\"  aria-invalid=\"false\" aria-required=true><\/div><\/div><\/div><div class='ff-t-cell ff-t-column-2' style='flex-basis: 50%;'><div class='ff-el-group'><div class=\"ff-el-input--label asterisk-right\"><label for='ff_3_numeric-field_1' aria-label=\"Telefon\">Telefon<\/label><\/div><div class='ff-el-input--content'><input type=\"number\" name=\"numeric-field_1\" id=\"ff_3_numeric-field_1\" class=\"ff-el-form-control\" placeholder=\"Telefonnummer\" data-name=\"numeric-field_1\" inputmode=\"numeric\" step=\"any\"  aria-invalid=\"false\" aria-required=false><\/div><\/div><\/div><\/div><div class='ff-el-group'><div class=\"ff-el-input--label asterisk-right\"><label for='ff_3_input_text' aria-label=\"Weitere Hinweise\">Weitere Hinweise<\/label><\/div><div class='ff-el-input--content'><input type=\"text\" name=\"input_text\" class=\"ff-el-form-control\" placeholder=\"z.B. Jahrestag, Geburtstag etc.\" data-name=\"input_text\" id=\"ff_3_input_text\"  aria-invalid=\"false\" aria-required=false><\/div><\/div><div class='ff-el-group ff-text-left ff_submit_btn_wrapper'><button type=\"submit\" class=\"ff-btn ff-btn-submit ff-btn-md ff_btn_style wpf_has_custom_css\" >Jetzt bestellen<\/button><\/div><\/fieldset><\/form><div id='fluentform_3_errors' class='ff-errors-in-stack ff_form_instance_3_1 ff-form-loading_errors ff_form_instance_3_1_errors'><\/div><\/div>        <script type=\"text\/javascript\">\n            window.fluent_form_ff_form_instance_3_1 = {\"id\":\"3\",\"settings\":{\"layout\":{\"labelPlacement\":\"top\",\"helpMessagePlacement\":\"with_label\",\"errorMessagePlacement\":\"inline\",\"cssClassName\":\"\",\"asteriskPlacement\":\"asterisk-right\"},\"restrictions\":{\"denyEmptySubmission\":{\"enabled\":false}}},\"form_instance\":\"ff_form_instance_3_1\",\"form_id_selector\":\"fluentform_3\",\"rules\":{\"numeric-field\":{\"required\":{\"value\":true,\"message\":\"Dieses Feld ist erforderlich.\",\"global_message\":\"Dieses Feld ist erforderlich.\",\"global\":true},\"numeric\":{\"value\":true,\"message\":\"Dieses Feld muss einen numerischen Wert enthalten.\",\"global_message\":\"Dieses Feld muss einen numerischen Wert enthalten.\",\"global\":true},\"min\":{\"value\":\"25\",\"message\":\"Der Minimalbetrag f\\u00fcr einen Gutschein betr\\u00e4gt 25 \\u20ac.\",\"global_message\":\"Der Minimalbetrag f\\u00fcr einen Gutschein betr\\u00e4gt 25 \\u20ac.\",\"global\":true},\"max\":{\"value\":\"500\",\"message\":\"Der Maximalbetrag f\\u00fcr einen Gutschein betr\\u00e4gt 500 \\u20ac. Falls das zu wenig sein sollte, schreibt uns bitte im Hinweis-Feld.\",\"global_message\":\"Der Maximalbetrag f\\u00fcr einen Gutschein betr\\u00e4gt 500 \\u20ac. Falls das zu wenig sein sollte, schreibt uns bitte im Hinweis-Feld.\",\"global\":true},\"digits\":{\"value\":\"\",\"message\":\"Validation fails for limited digits\",\"global_message\":\"Validation fails for limited digits\",\"global\":true}},\"names_1[first_name]\":{\"required\":{\"value\":false,\"message\":\"Dieses Feld ist erforderlich.\",\"global_message\":\"Dieses Feld ist erforderlich.\",\"global\":true}},\"names_1[middle_name]\":{\"required\":{\"value\":false,\"message\":\"Dieses Feld ist erforderlich.\",\"global_message\":\"Dieses Feld ist erforderlich.\",\"global\":true}},\"names_1[last_name]\":{\"required\":{\"value\":false,\"message\":\"Dieses Feld ist erforderlich.\",\"global_message\":\"Dieses Feld ist erforderlich.\",\"global\":true}},\"description\":{\"required\":{\"value\":false,\"message\":\"Dieses Feld ist erforderlich.\",\"global_message\":\"Dieses Feld ist erforderlich.\",\"global\":true}},\"names[first_name]\":{\"required\":{\"value\":true,\"message\":\"Dieses Feld ist erforderlich.\",\"global_message\":\"Dieses Feld ist erforderlich.\",\"global\":true}},\"names[middle_name]\":{\"required\":{\"value\":false,\"message\":\"Dieses Feld ist erforderlich.\",\"global_message\":\"Dieses Feld ist erforderlich.\",\"global\":true}},\"names[last_name]\":{\"required\":{\"value\":true,\"message\":\"Dieses Feld ist erforderlich.\",\"global_message\":\"Dieses Feld ist erforderlich.\",\"global\":true}},\"email\":{\"required\":{\"value\":true,\"message\":\"Dieses Feld ist erforderlich.\",\"global_message\":\"Dieses Feld ist erforderlich.\",\"global\":true},\"email\":{\"value\":true,\"message\":\"Dieses Feld muss eine g\\u00fcltige E-Mail-Adresse enthalten.\",\"global_message\":\"Dieses Feld muss eine g\\u00fcltige E-Mail-Adresse enthalten.\",\"global\":true}},\"numeric-field_1\":{\"required\":{\"value\":false,\"message\":\"Dieses Feld ist erforderlich.\",\"global_message\":\"Dieses Feld ist erforderlich.\",\"global\":true},\"numeric\":{\"value\":true,\"message\":\"Dieses Feld muss einen numerischen Wert enthalten.\",\"global_message\":\"Dieses Feld muss einen numerischen Wert enthalten.\",\"global\":true},\"min\":{\"value\":\"\",\"message\":\"Der Minimalbetrag f\\u00fcr einen Gutschein betr\\u00e4gt 25 \\u20ac.\",\"global_message\":\"Der Minimalbetrag f\\u00fcr einen Gutschein betr\\u00e4gt 25 \\u20ac.\",\"global\":true},\"max\":{\"value\":\"\",\"message\":\"Der Maximalbetrag f\\u00fcr einen Gutschein betr\\u00e4gt 500 \\u20ac. Falls das zu wenig sein sollte, schreibt uns bitte im Hinweis-Feld.\",\"global_message\":\"Der Maximalbetrag f\\u00fcr einen Gutschein betr\\u00e4gt 500 \\u20ac. Falls das zu wenig sein sollte, schreibt uns bitte im Hinweis-Feld.\",\"global\":true},\"digits\":{\"value\":\"\",\"message\":\"Validation fails for limited digits\",\"global_message\":\"Validation fails for limited digits\",\"global\":true}},\"input_text\":{\"required\":{\"value\":false,\"message\":\"Dieses Feld ist erforderlich.\",\"global_message\":\"Dieses Feld ist erforderlich.\",\"global\":true}}}};\n                    <\/script>\n        <\/div>\n\n\n\n<div class=\"wp-block-column is-layout-flow wp-block-column-is-layout-flow\">\n<figure class=\"wp-block-image size-large\"><img loading=\"lazy\" decoding=\"async\" width=\"1024\" height=\"726\" src=\"https:\/\/ma-spa.de\/wp-content\/uploads\/2024\/02\/Gutschein-1024x726.png\" alt=\"\" class=\"wp-image-1561\" srcset=\"https:\/\/ma-spa.de\/wp-content\/uploads\/2024\/02\/Gutschein-1024x726.png 1024w, https:\/\/ma-spa.de\/wp-content\/uploads\/2024\/02\/Gutschein-300x213.png 300w, https:\/\/ma-spa.de\/wp-content\/uploads\/2024\/02\/Gutschein-768x544.png 768w, https:\/\/ma-spa.de\/wp-content\/uploads\/2024\/02\/Gutschein-50x35.png 50w, https:\/\/ma-spa.de\/wp-content\/uploads\/2024\/02\/Gutschein.png 1404w\" sizes=\"(max-width: 1024px) 100vw, 1024px\" \/><\/figure>\n<\/div>\n<\/div>\n<\/div>\n<\/div><\/div>\n<\/div>\n<\/div>\n","protected":false},"excerpt":{"rendered":"","protected":false},"author":1,"featured_media":0,"parent":0,"menu_order":0,"comment_status":"closed","ping_status":"closed","template":"blank","meta":{"om_disable_all_campaigns":false,"_monsterinsights_skip_tracking":false,"_monsterinsights_sitenote_active":false,"_monsterinsights_sitenote_note":"","_monsterinsights_sitenote_category":0,"footnotes":""},"aioseo_notices":[],"_links":{"self":[{"href":"https:\/\/ma-spa.de\/index.php?rest_route=\/wp\/v2\/pages\/181"}],"collection":[{"href":"https:\/\/ma-spa.de\/index.php?rest_route=\/wp\/v2\/pages"}],"about":[{"href":"https:\/\/ma-spa.de\/index.php?rest_route=\/wp\/v2\/types\/page"}],"author":[{"embeddable":true,"href":"https:\/\/ma-spa.de\/index.php?rest_route=\/wp\/v2\/users\/1"}],"replies":[{"embeddable":true,"href":"https:\/\/ma-spa.de\/index.php?rest_route=%2Fwp%2Fv2%2Fcomments&post=181"}],"version-history":[{"count":24,"href":"https:\/\/ma-spa.de\/index.php?rest_route=\/wp\/v2\/pages\/181\/revisions"}],"predecessor-version":[{"id":1881,"href":"https:\/\/ma-spa.de\/index.php?rest_route=\/wp\/v2\/pages\/181\/revisions\/1881"}],"wp:attachment":[{"href":"https:\/\/ma-spa.de\/index.php?rest_route=%2Fwp%2Fv2%2Fmedia&parent=181"}],"curies":[{"name":"wp","href":"https:\/\/api.w.org\/{rel}","templated":true}]}}